{"id":108,"date":"2026-03-30T23:20:14","date_gmt":"2026-03-30T23:20:14","guid":{"rendered":"https:\/\/1000deeg.com\/?page_id=108"},"modified":"2026-04-05T20:04:10","modified_gmt":"2026-04-05T20:04:10","slug":"impressum","status":"publish","type":"page","link":"https:\/\/1000deeg.com\/en\/impressum\/","title":{"rendered":"Legal notice"},"content":{"rendered":"<h1 class=\"wp-block-heading\">Legal notice<\/h1>\n\n\n\n<h2 class=\"wp-block-heading\">Publisher<\/h2>\n\n\n\n<p>Maxi Pesch<br>1000Deeg \u2014 Soci\u00e9t\u00e9 d&#8217;Impact Soci\u00e9tal (SIS)<br>5, rue Renert<br>L-7223 Bereldange<br>Luxembourg<\/p>\n\n\n\n<p>E-mail :&nbsp;<a href=\"mailto:maxi@1000deeg.com\">maxi@1000deeg.com<\/a><br>WhatsApp :&nbsp;<a href=\"https:\/\/wa.me\/352621555416\">+352 621 555 416<\/a><br>Site web :&nbsp;<a href=\"https:\/\/1000deeg.com\/en\/\">www.1000deeg.com<\/a><\/p>\n\n\n\n<h2 class=\"wp-block-heading\">Activity<\/h2>\n\n\n\n<p>Conseil en nutrition infantile (alimentation compl\u00e9mentaire \/ diversification alimentaire)<br>Certifi\u00e9e Baby Nutrition Consultant \u2014 Oh Baby School of Holistic Nutrition (Canada)<br>Label Impact Luxembourg | Soci\u00e9t\u00e9 d&#8217;Impact Soci\u00e9tal (SIS)<\/p>\n\n\n\n<h2 class=\"wp-block-heading\">Hosting<\/h2>\n\n\n\n<p>Hostinger International Ltd.<br>61 Lordou Vironos Street<br>6023 Larnaca, Chypre<br><a href=\"https:\/\/www.hostinger.com\/\">www.hostinger.com<\/a><\/p>\n\n\n\n<h2 class=\"wp-block-heading\">Intellectual property<\/h2>\n\n\n\n<p>All content on this website (texts, illustrations, logo, photographs, guides) is the exclusive property of Maxi Pesch \/ 1000Deeg and is protected by copyright. Any reproduction, even partial, is prohibited without prior written consent.<\/p>\n\n\n\n<h2 class=\"wp-block-heading\">Disclaimer<\/h2>\n\n\n\n<p>The information published on this website is provided for educational and informational purposes only. It does not replace professional medical advice. For any health concerns regarding your child, please consult your paediatrician or a qualified healthcare professional.<\/p>\n\n\n\n<h2 class=\"wp-block-heading\">Data protection<\/h2>\n\n\n\n<p>The processing of personal data is described in&nbsp;<a href=\"https:\/\/www.claudeusercontent.com\/datenschutz\">our Privacy policy.<\/a>.<\/p>\n\n\n\n<p><\/p>\n\n\n\n<p><\/p>\n\n\n\n<h1 class=\"wp-block-heading\">Legal notice<\/h1>\n\n\n\n<p><em>This is a courtesy translation. The French version is the legally binding document.<\/em><\/p>\n\n\n\n<h2 class=\"wp-block-heading\">Publisher<\/h2>\n\n\n\n<p>Maxi Pesch<br>1000Deeg \u2014 Soci\u00e9t\u00e9 d&#8217;Impact Soci\u00e9tal (SIS)<br>5, rue Renert<br>L-7223 Bereldange<br>Luxembourg<\/p>\n\n\n\n<p>Email:&nbsp;<a href=\"mailto:maxi@1000deeg.com\">maxi@1000deeg.com<\/a><br>WhatsApp:&nbsp;<a href=\"https:\/\/wa.me\/352621555416\">+352 621 555 416<\/a><br>Website:&nbsp;<a href=\"https:\/\/1000deeg.com\/en\/\">www.1000deeg.com<\/a><\/p>\n\n\n\n<h2 class=\"wp-block-heading\">Activity<\/h2>\n\n\n\n<p>Baby nutrition consulting (starting solids \/ complementary feeding)<br>Certified Baby Nutrition Consultant \u2014 Oh Baby School of Holistic Nutrition (Canada)<br>Label Impact Luxembourg | Soci\u00e9t\u00e9 d&#8217;Impact Soci\u00e9tal (SIS)<\/p>\n\n\n\n<h2 class=\"wp-block-heading\">Hosting<\/h2>\n\n\n\n<p>Hostinger International Ltd.<br>61 Lordou Vironos Street<br>6023 Larnaca, Cyprus<br><a href=\"https:\/\/www.hostinger.com\/\">www.hostinger.com<\/a><\/p>\n\n\n\n<h2 class=\"wp-block-heading\">Intellectual property<\/h2>\n\n\n\n<p>All content on this website (texts, illustrations, logo, photographs, guides) is the exclusive property of Maxi Pesch \/ 1000Deeg and is protected by copyright. Any reproduction, even partial, is prohibited without prior written consent.<\/p>\n\n\n\n<h2 class=\"wp-block-heading\">Disclaimer<\/h2>\n\n\n\n<p>The information published on this website is provided for educational and informational purposes only. It does not replace professional medical advice. For any health concerns regarding your child, please consult your paediatrician or a qualified healthcare professional.<\/p>\n\n\n\n<h2 class=\"wp-block-heading\">Data protection<\/h2>\n\n\n\n<p>The processing of personal data is described in our&nbsp;<a href=\"https:\/\/www.claudeusercontent.com\/datenschutz\">Privacy policy<\/a>.<\/p>","protected":false},"excerpt":{"rendered":"<p>Mentions l\u00e9gales \u00c9ditrice du site Maxi Pesch1000Deeg \u2014 Soci\u00e9t\u00e9 d&#8217;Impact Soci\u00e9tal (SIS)5, rue RenertL-7223 BereldangeLuxembourg E-mail :&nbsp;maxi@1000deeg.comWhatsApp :&nbsp;+352 621 555 416Site web :&nbsp;www.1000deeg.com Activit\u00e9 Conseil en nutrition infantile (alimentation compl\u00e9mentaire \/ diversification alimentaire)Certifi\u00e9e Baby Nutrition Consultant \u2014 Oh Baby School of Holistic Nutrition (Canada)Label Impact Luxembourg | Soci\u00e9t\u00e9 d&#8217;Impact Soci\u00e9tal (SIS) H\u00e9bergement Hostinger International Ltd.61 [&hellip;]<\/p>\n","protected":false},"author":1,"featured_media":0,"parent":0,"menu_order":0,"comment_status":"closed","ping_status":"closed","template":"page-legal.php","meta":{"_acf_changed":false,"footnotes":""},"class_list":["post-108","page","type-page","status-publish","hentry"],"acf":[],"_hostinger_reach_plugin_has_subscription_block":false,"_hostinger_reach_plugin_is_elementor":false,"_links":{"self":[{"href":"https:\/\/1000deeg.com\/en\/wp-json\/wp\/v2\/pages\/108","targetHints":{"allow":["GET"]}}],"collection":[{"href":"https:\/\/1000deeg.com\/en\/wp-json\/wp\/v2\/pages"}],"about":[{"href":"https:\/\/1000deeg.com\/en\/wp-json\/wp\/v2\/types\/page"}],"author":[{"embeddable":true,"href":"https:\/\/1000deeg.com\/en\/wp-json\/wp\/v2\/users\/1"}],"replies":[{"embeddable":true,"href":"https:\/\/1000deeg.com\/en\/wp-json\/wp\/v2\/comments?post=108"}],"version-history":[{"count":6,"href":"https:\/\/1000deeg.com\/en\/wp-json\/wp\/v2\/pages\/108\/revisions"}],"predecessor-version":[{"id":303,"href":"https:\/\/1000deeg.com\/en\/wp-json\/wp\/v2\/pages\/108\/revisions\/303"}],"wp:attachment":[{"href":"https:\/\/1000deeg.com\/en\/wp-json\/wp\/v2\/media?parent=108"}],"curies":[{"name":"wp","href":"https:\/\/api.w.org\/{rel}","templated":true}]}}